{"id":162,"date":"2025-06-25T18:30:18","date_gmt":"2025-06-25T18:30:18","guid":{"rendered":"https:\/\/journeypathcr.com\/index.php\/about\/"},"modified":"2025-07-24T07:04:52","modified_gmt":"2025-07-24T07:04:52","slug":"about","status":"publish","type":"page","link":"https:\/\/journeypathcr.com\/es\/about\/","title":{"rendered":"Nosotros"},"content":{"rendered":"<div data-elementor-type=\"wp-page\" data-elementor-id=\"162\" class=\"elementor elementor-162\" data-elementor-post-type=\"page\">\n\t\t\t\t<section class=\"elementor-element elementor-element-44c2b7a6 e-flex e-con-boxed e-con e-parent\" data-id=\"44c2b7a6\" data-element_type=\"container\" data-e-type=\"container\" data-settings=\"{&quot;background_background&quot;:&quot;classic&quot;}\">\n\t\t\t\t\t<div class=\"e-con-inner\">\n\t\t\t\t<div class=\"elementor-element elementor-element-64be97db animated-slow elementor-invisible elementor-widget elementor-widget-heading\" data-id=\"64be97db\" data-element_type=\"widget\" data-e-type=\"widget\" data-settings=\"{&quot;_animation&quot;:&quot;fadeIn&quot;,&quot;_animation_delay&quot;:200}\" data-widget_type=\"heading.default\">\n\t\t\t\t\t<h1 class=\"elementor-heading-title elementor-size-default\">Sobre nosotros<\/h1>\t\t\t\t<\/div>\n\t\t\t\t<div class=\"elementor-element elementor-element-21c70aec elementor-widget__width-initial elementor-invisible elementor-widget elementor-widget-text-editor\" data-id=\"21c70aec\" data-element_type=\"widget\" data-e-type=\"widget\" data-settings=\"{&quot;_animation&quot;:&quot;fadeIn&quot;,&quot;_animation_delay&quot;:250}\" data-widget_type=\"text-editor.default\">\n\t\t\t\t\t\t\t\t\t<p data-start=\"431\" data-end=\"543\"><strong>\u00bfBusca una forma de viajar por Costa Rica de manera aut\u00e9ntica, segura y con gu\u00eda experta?<\/strong><\/p><p data-start=\"545\" data-end=\"653\"><strong>En Journey Path ofrecemos conocimiento local, servicio profesional y un enfoque centrado en las personas.<\/strong><\/p>\t\t\t\t\t\t\t\t<\/div>\n\t\t\t\t<div class=\"elementor-element elementor-element-1a958883 elementor-invisible elementor-widget elementor-widget-button\" data-id=\"1a958883\" data-element_type=\"widget\" data-e-type=\"widget\" data-settings=\"{&quot;_animation&quot;:&quot;fadeIn&quot;,&quot;_animation_delay&quot;:300}\" data-widget_type=\"button.default\">\n\t\t\t\t\t\t\t\t\t\t<a class=\"elementor-button elementor-button-link elementor-size-sm\" href=\"https:\/\/journeypathcr.com\/es\/contact\/\">\n\t\t\t\t\t\t<span class=\"elementor-button-content-wrapper\">\n\t\t\t\t\t\t\t\t\t<span class=\"elementor-button-text\">Cont\u00e1ctenos<\/span>\n\t\t\t\t\t<\/span>\n\t\t\t\t\t<\/a>\n\t\t\t\t\t\t\t\t<\/div>\n\t\t\t\t\t<\/div>\n\t\t\t\t<\/section>\n\t\t<div class=\"elementor-element elementor-element-0e45bfa e-flex e-con-boxed e-con e-parent\" data-id=\"0e45bfa\" data-element_type=\"container\" data-e-type=\"container\">\n\t\t\t\t\t<div class=\"e-con-inner\">\n\t\t\t\t<div class=\"elementor-element elementor-element-ab74526 elementor-invisible elementor-widget elementor-widget-image\" data-id=\"ab74526\" data-element_type=\"widget\" data-e-type=\"widget\" data-settings=\"{&quot;_animation&quot;:&quot;zoomIn&quot;,&quot;_animation_delay&quot;:200}\" data-widget_type=\"image.default\">\n\t\t\t\t\t\t\t\t\t\t\t\t\t\t\t<img fetchpriority=\"high\" decoding=\"async\" width=\"1062\" height=\"474\" src=\"https:\/\/journeypathcr.com\/wp-content\/uploads\/2025\/07\/Journey-Path-full-color.png\" class=\"attachment-1536x1536 size-1536x1536 wp-image-453\" alt=\"\" srcset=\"https:\/\/journeypathcr.com\/wp-content\/uploads\/2025\/07\/Journey-Path-full-color.png 1062w, https:\/\/journeypathcr.com\/wp-content\/uploads\/2025\/07\/Journey-Path-full-color-300x134.png 300w, https:\/\/journeypathcr.com\/wp-content\/uploads\/2025\/07\/Journey-Path-full-color-1024x457.png 1024w, https:\/\/journeypathcr.com\/wp-content\/uploads\/2025\/07\/Journey-Path-full-color-768x343.png 768w, https:\/\/journeypathcr.com\/wp-content\/uploads\/2025\/07\/Journey-Path-full-color-18x8.png 18w\" sizes=\"(max-width: 1062px) 100vw, 1062px\" \/>\t\t\t\t\t\t\t\t\t\t\t\t\t\t\t<\/div>\n\t\t\t\t<div class=\"elementor-element elementor-element-d31b14e elementor-widget__width-initial elementor-widget elementor-widget-text-editor\" data-id=\"d31b14e\" data-element_type=\"widget\" data-e-type=\"widget\" data-widget_type=\"text-editor.default\">\n\t\t\t\t\t\t\t\t\t<p>En Journey Path vemos el viaje como una invitaci\u00f3n a hacer una pausa, conectar y redescubrir lo que realmente importa. M\u00e1s all\u00e1 de las rutas y la log\u00edstica, creemos en crear espacios para experiencias aut\u00e9nticas que se alineen con sus valores y su ritmo. Con ra\u00edces en la esencia vibrante de Costa Rica, nuestro prop\u00f3sito es guiarle por un camino que se sienta intencional y lleno de vida \u2014 conectando experiencias que inspiran, momentos que transforman y senderos donde la aventura se despliega.<\/p>\t\t\t\t\t\t\t\t<\/div>\n\t\t\t\t\t<\/div>\n\t\t\t\t<\/div>\n\t\t<section class=\"elementor-element elementor-element-24998d1 e-con-full e-flex e-con e-parent\" data-id=\"24998d1\" data-element_type=\"container\" data-e-type=\"container\">\n\t\t<div class=\"elementor-element elementor-element-d439ff2 e-con-full e-flex e-con e-child\" data-id=\"d439ff2\" data-element_type=\"container\" data-e-type=\"container\">\n\t\t\t\t<div class=\"elementor-element elementor-element-1a9349d animated-slow elementor-invisible elementor-widget elementor-widget-image\" data-id=\"1a9349d\" data-element_type=\"widget\" data-e-type=\"widget\" data-settings=\"{&quot;_animation&quot;:&quot;zoomIn&quot;,&quot;_animation_delay&quot;:200}\" data-widget_type=\"image.default\">\n\t\t\t\t\t\t\t\t\t\t\t\t\t\t\t<img decoding=\"async\" width=\"2560\" height=\"1707\" src=\"https:\/\/journeypathcr.com\/wp-content\/uploads\/2025\/07\/family-scaled.jpg\" class=\"attachment-full size-full wp-image-456\" alt=\"\" srcset=\"https:\/\/journeypathcr.com\/wp-content\/uploads\/2025\/07\/family-scaled.jpg 2560w, https:\/\/journeypathcr.com\/wp-content\/uploads\/2025\/07\/family-scaled-300x200.jpg 300w, https:\/\/journeypathcr.com\/wp-content\/uploads\/2025\/07\/family-scaled-1024x683.jpg 1024w, https:\/\/journeypathcr.com\/wp-content\/uploads\/2025\/07\/family-scaled-768x512.jpg 768w, https:\/\/journeypathcr.com\/wp-content\/uploads\/2025\/07\/family-scaled-1536x1024.jpg 1536w, https:\/\/journeypathcr.com\/wp-content\/uploads\/2025\/07\/family-scaled-2048x1366.jpg 2048w, https:\/\/journeypathcr.com\/wp-content\/uploads\/2025\/07\/family-scaled-18x12.jpg 18w\" sizes=\"(max-width: 2560px) 100vw, 2560px\" \/>\t\t\t\t\t\t\t\t\t\t\t\t\t\t\t<\/div>\n\t\t\t\t<\/div>\n\t\t<div class=\"elementor-element elementor-element-902ce4b e-con-full e-flex e-con e-child\" data-id=\"902ce4b\" data-element_type=\"container\" data-e-type=\"container\">\n\t\t\t\t<div class=\"elementor-element elementor-element-d7f706b elementor-widget elementor-widget-heading\" data-id=\"d7f706b\" data-element_type=\"widget\" data-e-type=\"widget\" data-widget_type=\"heading.default\">\n\t\t\t\t\t<h2 class=\"elementor-heading-title elementor-size-default\">Una empresa con ra\u00edces familiares y prop\u00f3sito<\/h2>\t\t\t\t<\/div>\n\t\t\t\t<div class=\"elementor-element elementor-element-eb4e8d5 elementor-widget elementor-widget-text-editor\" data-id=\"eb4e8d5\" data-element_type=\"widget\" data-e-type=\"widget\" data-widget_type=\"text-editor.default\">\n\t\t\t\t\t\t\t\t\t<p>Somos una empresa costarricense de car\u00e1cter familiar, construida sobre un compromiso genuino, experiencia local y una pasi\u00f3n compartida por mostrar lo mejor de nuestro pa\u00eds.<\/p><p>Nuestro trabajo combina transporte tur\u00edstico privado y asesor\u00eda de viaje personalizada para crear experiencias significativas, bien dise\u00f1adas y con un enfoque sostenible.<\/p>\t\t\t\t\t\t\t\t<\/div>\n\t\t\t\t<\/div>\n\t\t\t\t<\/section>\n\t\t<div class=\"elementor-element elementor-element-1d7cd8c e-con-full e-flex e-con e-parent\" data-id=\"1d7cd8c\" data-element_type=\"container\" data-e-type=\"container\" data-settings=\"{&quot;background_background&quot;:&quot;classic&quot;,&quot;animation&quot;:&quot;none&quot;,&quot;animation_delay&quot;:200}\">\n\t\t<div class=\"elementor-element elementor-element-c4f5a83 e-con-full e-flex e-con e-child\" data-id=\"c4f5a83\" data-element_type=\"container\" data-e-type=\"container\">\n\t\t\t\t<div class=\"elementor-element elementor-element-3c08a76 elementor-widget elementor-widget-heading\" data-id=\"3c08a76\" data-element_type=\"widget\" data-e-type=\"widget\" data-widget_type=\"heading.default\">\n\t\t\t\t\t<h2 class=\"elementor-heading-title elementor-size-default\">Conozca a las personas detr\u00e1s del viaje<\/h2>\t\t\t\t<\/div>\n\t\t\t\t<div class=\"elementor-element elementor-element-d99fa25 elementor-widget elementor-widget-text-editor\" data-id=\"d99fa25\" data-element_type=\"widget\" data-e-type=\"widget\" data-widget_type=\"text-editor.default\">\n\t\t\t\t\t\t\t\t\t<p data-start=\"298\" data-end=\"417\">Nuestra historia comienza con Jos\u00e9 Enrique Mar\u00edn, un l\u00edder familiar comprometido que crey\u00f3 en este proyecto y lo hizo realidad.<\/p><p data-start=\"419\" data-end=\"639\">A su lado, Jos\u00e9 Pablo Mar\u00edn \u2014administrador de empresas y profesional en ecoturismo\u2014 aporta m\u00e1s de una d\u00e9cada de experiencia en planificaci\u00f3n de viajes por Costa Rica, desarrollo de productos y asesor\u00eda para viajeros internacionales.<\/p><p data-start=\"641\" data-end=\"895\">En carretera, Dagoberto Fern\u00e1ndez aporta m\u00e1s de 20 a\u00f1os de experiencia en conducci\u00f3n segura por toda Costa Rica. Habla espa\u00f1ol, ingl\u00e9s y portugu\u00e9s con fluidez, y ofrece un trato c\u00e1lido, confiable y orientado al servicio que hace que cada viajero se sienta en confianza.<\/p>\t\t\t\t\t\t\t\t<\/div>\n\t\t\t\t<\/div>\n\t\t<div class=\"elementor-element elementor-element-095ab46 e-con-full e-flex elementor-invisible e-con e-child\" data-id=\"095ab46\" data-element_type=\"container\" data-e-type=\"container\" data-settings=\"{&quot;animation&quot;:&quot;fadeIn&quot;,&quot;animation_delay&quot;:300}\">\n\t\t\t\t<div class=\"elementor-element elementor-element-a517863 elementor-widget elementor-widget-image\" data-id=\"a517863\" data-element_type=\"widget\" data-e-type=\"widget\" data-widget_type=\"image.default\">\n\t\t\t\t\t\t\t\t\t\t\t\t\t\t\t<img decoding=\"async\" width=\"800\" height=\"534\" src=\"https:\/\/journeypathcr.com\/wp-content\/uploads\/2025\/07\/IMG_4919-scaled-1024x683.jpg\" class=\"attachment-large size-large wp-image-457\" alt=\"\" srcset=\"https:\/\/journeypathcr.com\/wp-content\/uploads\/2025\/07\/IMG_4919-scaled-1024x683.jpg 1024w, https:\/\/journeypathcr.com\/wp-content\/uploads\/2025\/07\/IMG_4919-scaled-300x200.jpg 300w, https:\/\/journeypathcr.com\/wp-content\/uploads\/2025\/07\/IMG_4919-scaled-768x512.jpg 768w, https:\/\/journeypathcr.com\/wp-content\/uploads\/2025\/07\/IMG_4919-scaled-1536x1024.jpg 1536w, https:\/\/journeypathcr.com\/wp-content\/uploads\/2025\/07\/IMG_4919-scaled-2048x1366.jpg 2048w, https:\/\/journeypathcr.com\/wp-content\/uploads\/2025\/07\/IMG_4919-scaled-18x12.jpg 18w\" sizes=\"(max-width: 800px) 100vw, 800px\" \/>\t\t\t\t\t\t\t\t\t\t\t\t\t\t\t<\/div>\n\t\t\t\t<div class=\"elementor-element elementor-element-93f19c3 elementor-widget elementor-widget-image\" data-id=\"93f19c3\" data-element_type=\"widget\" data-e-type=\"widget\" data-widget_type=\"image.default\">\n\t\t\t\t\t\t\t\t\t\t\t\t\t\t\t<img loading=\"lazy\" decoding=\"async\" width=\"800\" height=\"532\" src=\"https:\/\/journeypathcr.com\/wp-content\/uploads\/2025\/07\/1751333190256-scaled-1024x681.jpg\" class=\"attachment-large size-large wp-image-455\" alt=\"\" srcset=\"https:\/\/journeypathcr.com\/wp-content\/uploads\/2025\/07\/1751333190256-scaled-1024x681.jpg 1024w, https:\/\/journeypathcr.com\/wp-content\/uploads\/2025\/07\/1751333190256-scaled-300x200.jpg 300w, https:\/\/journeypathcr.com\/wp-content\/uploads\/2025\/07\/1751333190256-scaled-768x511.jpg 768w, https:\/\/journeypathcr.com\/wp-content\/uploads\/2025\/07\/1751333190256-scaled-1536x1022.jpg 1536w, https:\/\/journeypathcr.com\/wp-content\/uploads\/2025\/07\/1751333190256-scaled-2048x1362.jpg 2048w, https:\/\/journeypathcr.com\/wp-content\/uploads\/2025\/07\/1751333190256-scaled-18x12.jpg 18w\" sizes=\"(max-width: 800px) 100vw, 800px\" \/>\t\t\t\t\t\t\t\t\t\t\t\t\t\t\t<\/div>\n\t\t\t\t<\/div>\n\t\t\t\t<\/div>\n\t\t\t\t<\/div>","protected":false},"excerpt":{"rendered":"<p>About Us Looking for a way to travel through Costa Rica authentically, safely, and with expert guidance? At Journey Path, we provide local insight, professional service, and a human-centered approach. Get in Touch At Journey Path, we see travel as an invitation to pause, connect, and rediscover what truly matters. Beyond the routes and logistics, [&hellip;]<\/p>\n","protected":false},"author":1,"featured_media":0,"parent":0,"menu_order":0,"comment_status":"closed","ping_status":"closed","template":"","meta":{"footnotes":""},"class_list":["post-162","page","type-page","status-publish","hentry"],"_links":{"self":[{"href":"https:\/\/journeypathcr.com\/es\/wp-json\/wp\/v2\/pages\/162","targetHints":{"allow":["GET"]}}],"collection":[{"href":"https:\/\/journeypathcr.com\/es\/wp-json\/wp\/v2\/pages"}],"about":[{"href":"https:\/\/journeypathcr.com\/es\/wp-json\/wp\/v2\/types\/page"}],"author":[{"embeddable":true,"href":"https:\/\/journeypathcr.com\/es\/wp-json\/wp\/v2\/users\/1"}],"replies":[{"embeddable":true,"href":"https:\/\/journeypathcr.com\/es\/wp-json\/wp\/v2\/comments?post=162"}],"version-history":[{"count":88,"href":"https:\/\/journeypathcr.com\/es\/wp-json\/wp\/v2\/pages\/162\/revisions"}],"predecessor-version":[{"id":1078,"href":"https:\/\/journeypathcr.com\/es\/wp-json\/wp\/v2\/pages\/162\/revisions\/1078"}],"wp:attachment":[{"href":"https:\/\/journeypathcr.com\/es\/wp-json\/wp\/v2\/media?parent=162"}],"curies":[{"name":"wp","href":"https:\/\/api.w.org\/{rel}","templated":true}]}}